{"id":7465,"date":"2025-01-15T16:40:51","date_gmt":"2025-01-15T15:40:51","guid":{"rendered":"https:\/\/winfieldracingschool.com\/?post_type=product&#038;p=7465"},"modified":"2025-01-16T10:44:11","modified_gmt":"2025-01-16T09:44:11","slug":"pass-accompagnant","status":"publish","type":"product","link":"https:\/\/winfieldracingschool.com\/fr\/produit\/pass-accompagnant\/","title":{"rendered":"PASS ACCOMPAGNANT"},"content":{"rendered":"","protected":false},"excerpt":{"rendered":"<p><span style=\"font-weight: 400;\">Le pass comprend l&rsquo;acc\u00e8s au paddock et \u00e0 la loge VIP, et le cocktail de fin de journ\u00e9e.<\/span><\/p>\n","protected":false},"featured_media":3246,"template":"","meta":{"_acf_changed":false},"product_brand":[],"product_cat":[18],"product_tag":[],"class_list":{"0":"post-7465","1":"product","2":"type-product","3":"status-publish","4":"has-post-thumbnail","6":"product_cat-options","8":"first","9":"instock","10":"taxable","11":"shipping-taxable","12":"purchasable","13":"product-type-simple"},"acf":[],"yoast_head":"<!-- This site is optimized with the Yoast SEO plugin v27.5 - https:\/\/yoast.com\/product\/yoast-seo-wordpress\/ -->\n<title>PASS ACCOMPAGNANT - Winfield Racing School<\/title>\n<meta name=\"description\" content=\"Partagez cette exp\u00e9rience unique avec votre accompagnant gr\u00e2ce \u00e0 un pass incluant l&#039;acc\u00e8s au paddock et \u00e0 la loge VIP, un d\u00e9jeuner, et un cocktail.\" \/>\n<meta name=\"robots\" content=\"index, follow, max-snippet:-1, max-image-preview:large, max-video-preview:-1\" \/>\n<link rel=\"canonical\" href=\"https:\/\/winfieldracingschool.com\/fr\/produit\/pass-accompagnant\/\" \/>\n<meta property=\"og:locale\" content=\"fr_FR\" \/>\n<meta property=\"og:type\" content=\"article\" \/>\n<meta property=\"og:title\" content=\"PASS ACCOMPAGNANT - Winfield Racing School\" \/>\n<meta property=\"og:description\" content=\"Partagez cette exp\u00e9rience unique avec votre accompagnant gr\u00e2ce \u00e0 un pass incluant l&#039;acc\u00e8s au paddock et \u00e0 la loge VIP, un d\u00e9jeuner, et un cocktail.\" \/>\n<meta property=\"og:url\" content=\"https:\/\/winfieldracingschool.com\/fr\/produit\/pass-accompagnant\/\" \/>\n<meta property=\"og:site_name\" content=\"Winfield\" \/>\n<meta property=\"article:modified_time\" content=\"2025-01-16T09:44:11+00:00\" \/>\n<meta property=\"og:image\" content=\"https:\/\/winfieldracingschool.com\/wp-content\/uploads\/2023\/07\/GUEST-PASS-scaled-1.jpg\" \/>\n\t<meta property=\"og:image:width\" content=\"250\" \/>\n\t<meta property=\"og:image:height\" content=\"250\" \/>\n\t<meta property=\"og:image:type\" content=\"image\/jpeg\" \/>\n<meta name=\"twitter:card\" content=\"summary_large_image\" \/>\n<meta name=\"twitter:label1\" content=\"Dur\u00e9e de lecture estim\u00e9e\" \/>\n\t<meta name=\"twitter:data1\" content=\"1 minute\" \/>\n<script type=\"application\/ld+json\" class=\"yoast-schema-graph\">{\"@context\":\"https:\\\/\\\/schema.org\",\"@graph\":[{\"@type\":\"WebPage\",\"@id\":\"https:\\\/\\\/winfieldracingschool.com\\\/fr\\\/produit\\\/pass-accompagnant\\\/\",\"url\":\"https:\\\/\\\/winfieldracingschool.com\\\/fr\\\/produit\\\/pass-accompagnant\\\/\",\"name\":\"PASS ACCOMPAGNANT - Winfield Racing School\",\"isPartOf\":{\"@id\":\"https:\\\/\\\/winfieldracingschool.com\\\/fr\\\/#website\"},\"primaryImageOfPage\":{\"@id\":\"https:\\\/\\\/winfieldracingschool.com\\\/fr\\\/produit\\\/pass-accompagnant\\\/#primaryimage\"},\"image\":{\"@id\":\"https:\\\/\\\/winfieldracingschool.com\\\/fr\\\/produit\\\/pass-accompagnant\\\/#primaryimage\"},\"thumbnailUrl\":\"https:\\\/\\\/winfieldracingschool.com\\\/wp-content\\\/uploads\\\/2023\\\/07\\\/GUEST-PASS-scaled-1.jpg\",\"datePublished\":\"2025-01-15T15:40:51+00:00\",\"dateModified\":\"2025-01-16T09:44:11+00:00\",\"description\":\"Partagez cette exp\u00e9rience unique avec votre accompagnant gr\u00e2ce \u00e0 un pass incluant l'acc\u00e8s au paddock et \u00e0 la loge VIP, un d\u00e9jeuner, et un cocktail.\",\"breadcrumb\":{\"@id\":\"https:\\\/\\\/winfieldracingschool.com\\\/fr\\\/produit\\\/pass-accompagnant\\\/#breadcrumb\"},\"inLanguage\":\"fr-FR\",\"potentialAction\":[{\"@type\":\"ReadAction\",\"target\":[\"https:\\\/\\\/winfieldracingschool.com\\\/fr\\\/produit\\\/pass-accompagnant\\\/\"]}]},{\"@type\":\"ImageObject\",\"inLanguage\":\"fr-FR\",\"@id\":\"https:\\\/\\\/winfieldracingschool.com\\\/fr\\\/produit\\\/pass-accompagnant\\\/#primaryimage\",\"url\":\"https:\\\/\\\/winfieldracingschool.com\\\/wp-content\\\/uploads\\\/2023\\\/07\\\/GUEST-PASS-scaled-1.jpg\",\"contentUrl\":\"https:\\\/\\\/winfieldracingschool.com\\\/wp-content\\\/uploads\\\/2023\\\/07\\\/GUEST-PASS-scaled-1.jpg\",\"width\":250,\"height\":250},{\"@type\":\"BreadcrumbList\",\"@id\":\"https:\\\/\\\/winfieldracingschool.com\\\/fr\\\/produit\\\/pass-accompagnant\\\/#breadcrumb\",\"itemListElement\":[{\"@type\":\"ListItem\",\"position\":1,\"name\":\"Home\",\"item\":\"https:\\\/\\\/winfieldracingschool.com\\\/fr\\\/\"},{\"@type\":\"ListItem\",\"position\":2,\"name\":\"Options\",\"item\":\"\\\/category\\\/driving-experience\\\/options\"},{\"@type\":\"ListItem\",\"position\":3,\"name\":\"PASS ACCOMPAGNANT\"}]},{\"@type\":\"WebSite\",\"@id\":\"https:\\\/\\\/winfieldracingschool.com\\\/fr\\\/#website\",\"url\":\"https:\\\/\\\/winfieldracingschool.com\\\/fr\\\/\",\"name\":\"Winfield\",\"description\":\"Circuit automobile &amp; \u00c9cole de pilotage\",\"publisher\":{\"@id\":\"https:\\\/\\\/winfieldracingschool.com\\\/fr\\\/#organization\"},\"potentialAction\":[{\"@type\":\"SearchAction\",\"target\":{\"@type\":\"EntryPoint\",\"urlTemplate\":\"https:\\\/\\\/winfieldracingschool.com\\\/fr\\\/?s={search_term_string}\"},\"query-input\":{\"@type\":\"PropertyValueSpecification\",\"valueRequired\":true,\"valueName\":\"search_term_string\"}}],\"inLanguage\":\"fr-FR\"},{\"@type\":\"Organization\",\"@id\":\"https:\\\/\\\/winfieldracingschool.com\\\/fr\\\/#organization\",\"name\":\"Winfield\",\"url\":\"https:\\\/\\\/winfieldracingschool.com\\\/fr\\\/\",\"logo\":{\"@type\":\"ImageObject\",\"inLanguage\":\"fr-FR\",\"@id\":\"https:\\\/\\\/winfieldracingschool.com\\\/fr\\\/#\\\/schema\\\/logo\\\/image\\\/\",\"url\":\"https:\\\/\\\/winfieldracingschool.com\\\/wp-content\\\/uploads\\\/2023\\\/03\\\/Groupe-452.png\",\"contentUrl\":\"https:\\\/\\\/winfieldracingschool.com\\\/wp-content\\\/uploads\\\/2023\\\/03\\\/Groupe-452.png\",\"width\":186,\"height\":72,\"caption\":\"Winfield\"},\"image\":{\"@id\":\"https:\\\/\\\/winfieldracingschool.com\\\/fr\\\/#\\\/schema\\\/logo\\\/image\\\/\"}}]}<\/script>\n<!-- \/ Yoast SEO plugin. -->","yoast_head_json":{"title":"PASS ACCOMPAGNANT - Winfield Racing School","description":"Partagez cette exp\u00e9rience unique avec votre accompagnant gr\u00e2ce \u00e0 un pass incluant l'acc\u00e8s au paddock et \u00e0 la loge VIP, un d\u00e9jeuner, et un cocktail.","robots":{"index":"index","follow":"follow","max-snippet":"max-snippet:-1","max-image-preview":"max-image-preview:large","max-video-preview":"max-video-preview:-1"},"canonical":"https:\/\/winfieldracingschool.com\/fr\/produit\/pass-accompagnant\/","og_locale":"fr_FR","og_type":"article","og_title":"PASS ACCOMPAGNANT - Winfield Racing School","og_description":"Partagez cette exp\u00e9rience unique avec votre accompagnant gr\u00e2ce \u00e0 un pass incluant l'acc\u00e8s au paddock et \u00e0 la loge VIP, un d\u00e9jeuner, et un cocktail.","og_url":"https:\/\/winfieldracingschool.com\/fr\/produit\/pass-accompagnant\/","og_site_name":"Winfield","article_modified_time":"2025-01-16T09:44:11+00:00","og_image":[{"width":250,"height":250,"url":"https:\/\/winfieldracingschool.com\/wp-content\/uploads\/2023\/07\/GUEST-PASS-scaled-1.jpg","type":"image\/jpeg"}],"twitter_card":"summary_large_image","twitter_misc":{"Dur\u00e9e de lecture estim\u00e9e":"1 minute"},"schema":{"@context":"https:\/\/schema.org","@graph":[{"@type":"WebPage","@id":"https:\/\/winfieldracingschool.com\/fr\/produit\/pass-accompagnant\/","url":"https:\/\/winfieldracingschool.com\/fr\/produit\/pass-accompagnant\/","name":"PASS ACCOMPAGNANT - Winfield Racing School","isPartOf":{"@id":"https:\/\/winfieldracingschool.com\/fr\/#website"},"primaryImageOfPage":{"@id":"https:\/\/winfieldracingschool.com\/fr\/produit\/pass-accompagnant\/#primaryimage"},"image":{"@id":"https:\/\/winfieldracingschool.com\/fr\/produit\/pass-accompagnant\/#primaryimage"},"thumbnailUrl":"https:\/\/winfieldracingschool.com\/wp-content\/uploads\/2023\/07\/GUEST-PASS-scaled-1.jpg","datePublished":"2025-01-15T15:40:51+00:00","dateModified":"2025-01-16T09:44:11+00:00","description":"Partagez cette exp\u00e9rience unique avec votre accompagnant gr\u00e2ce \u00e0 un pass incluant l'acc\u00e8s au paddock et \u00e0 la loge VIP, un d\u00e9jeuner, et un cocktail.","breadcrumb":{"@id":"https:\/\/winfieldracingschool.com\/fr\/produit\/pass-accompagnant\/#breadcrumb"},"inLanguage":"fr-FR","potentialAction":[{"@type":"ReadAction","target":["https:\/\/winfieldracingschool.com\/fr\/produit\/pass-accompagnant\/"]}]},{"@type":"ImageObject","inLanguage":"fr-FR","@id":"https:\/\/winfieldracingschool.com\/fr\/produit\/pass-accompagnant\/#primaryimage","url":"https:\/\/winfieldracingschool.com\/wp-content\/uploads\/2023\/07\/GUEST-PASS-scaled-1.jpg","contentUrl":"https:\/\/winfieldracingschool.com\/wp-content\/uploads\/2023\/07\/GUEST-PASS-scaled-1.jpg","width":250,"height":250},{"@type":"BreadcrumbList","@id":"https:\/\/winfieldracingschool.com\/fr\/produit\/pass-accompagnant\/#breadcrumb","itemListElement":[{"@type":"ListItem","position":1,"name":"Home","item":"https:\/\/winfieldracingschool.com\/fr\/"},{"@type":"ListItem","position":2,"name":"Options","item":"\/category\/driving-experience\/options"},{"@type":"ListItem","position":3,"name":"PASS ACCOMPAGNANT"}]},{"@type":"WebSite","@id":"https:\/\/winfieldracingschool.com\/fr\/#website","url":"https:\/\/winfieldracingschool.com\/fr\/","name":"Winfield","description":"Circuit automobile &amp; \u00c9cole de pilotage","publisher":{"@id":"https:\/\/winfieldracingschool.com\/fr\/#organization"},"potentialAction":[{"@type":"SearchAction","target":{"@type":"EntryPoint","urlTemplate":"https:\/\/winfieldracingschool.com\/fr\/?s={search_term_string}"},"query-input":{"@type":"PropertyValueSpecification","valueRequired":true,"valueName":"search_term_string"}}],"inLanguage":"fr-FR"},{"@type":"Organization","@id":"https:\/\/winfieldracingschool.com\/fr\/#organization","name":"Winfield","url":"https:\/\/winfieldracingschool.com\/fr\/","logo":{"@type":"ImageObject","inLanguage":"fr-FR","@id":"https:\/\/winfieldracingschool.com\/fr\/#\/schema\/logo\/image\/","url":"https:\/\/winfieldracingschool.com\/wp-content\/uploads\/2023\/03\/Groupe-452.png","contentUrl":"https:\/\/winfieldracingschool.com\/wp-content\/uploads\/2023\/03\/Groupe-452.png","width":186,"height":72,"caption":"Winfield"},"image":{"@id":"https:\/\/winfieldracingschool.com\/fr\/#\/schema\/logo\/image\/"}}]}},"_links":{"self":[{"href":"https:\/\/winfieldracingschool.com\/fr\/wp-json\/wp\/v2\/product\/7465","targetHints":{"allow":["GET"]}}],"collection":[{"href":"https:\/\/winfieldracingschool.com\/fr\/wp-json\/wp\/v2\/product"}],"about":[{"href":"https:\/\/winfieldracingschool.com\/fr\/wp-json\/wp\/v2\/types\/product"}],"wp:featuredmedia":[{"embeddable":true,"href":"https:\/\/winfieldracingschool.com\/fr\/wp-json\/wp\/v2\/media\/3246"}],"wp:attachment":[{"href":"https:\/\/winfieldracingschool.com\/fr\/wp-json\/wp\/v2\/media?parent=7465"}],"wp:term":[{"taxonomy":"product_brand","embeddable":true,"href":"https:\/\/winfieldracingschool.com\/fr\/wp-json\/wp\/v2\/product_brand?post=7465"},{"taxonomy":"product_cat","embeddable":true,"href":"https:\/\/winfieldracingschool.com\/fr\/wp-json\/wp\/v2\/product_cat?post=7465"},{"taxonomy":"product_tag","embeddable":true,"href":"https:\/\/winfieldracingschool.com\/fr\/wp-json\/wp\/v2\/product_tag?post=7465"}],"curies":[{"name":"wp","href":"https:\/\/api.w.org\/{rel}","templated":true}]}}