{"id":7380,"date":"2025-01-13T14:55:18","date_gmt":"2025-01-13T13:55:18","guid":{"rendered":"https:\/\/winfieldracingschool.com\/?post_type=product&#038;p=7380"},"modified":"2025-10-28T10:56:04","modified_gmt":"2025-10-28T09:56:04","slug":"f4-driving-experience-moyen-orient","status":"publish","type":"product","link":"https:\/\/winfieldracingschool.com\/fr\/produit\/f4-driving-experience-moyen-orient\/","title":{"rendered":"F4 DRIVING EXPERIENCE MOYEN-ORIENT"},"content":{"rendered":"<p>Vous avez toujours r\u00eav\u00e9 de piloter une voiture de course ? Avec le F4 Driving Experience sur le Bahrain International Circuit, votre r\u00eave devient r\u00e9alit\u00e9. Que vous soyez d\u00e9butant ou pilote confirm\u00e9, cette aventure unique est sp\u00e9cialement con\u00e7ue pour vous faire vivre toute l&rsquo;excitation du sport automobile, sans n\u00e9cessiter d&rsquo;exp\u00e9rience pr\u00e9alable sur circuit. Tout ce qu\u2019il vous faut, c\u2019est une passion pour l\u2019adr\u00e9naline et un esprit aventurier.<\/p>\n<p>Votre journ\u00e9e d\u00e9butera par un briefing de s\u00e9curit\u00e9 approfondi. Cette \u00e9tape essentielle vous pr\u00e9parera mentalement et physiquement \u00e0 l\u2019exp\u00e9rience qui vous attend. Le Bahrain International Circuit, avec ses lignes droites \u00e0 haute vitesse et ses virages techniques, offre un environnement \u00e0 la fois s\u00fbr et exaltant pour repousser vos limites et d\u00e9couvrir les sensations d\u2019un vrai pilote de course.<\/p>\n<p>Mais cette exp\u00e9rience ne se r\u00e9sume pas \u00e0 la vitesse. L\u2019objectif principal est de perfectionner vos comp\u00e9tences de pilotage. Notre programme, \u00e9labor\u00e9 par des experts, couvre tous les aspects du pilotage professionnel. Vous aurez l\u2019occasion de participer \u00e0 des sessions d\u2019analyse de donn\u00e9es avec nos ing\u00e9nieurs, qui vous aideront \u00e0 comprendre les performances de la voiture et \u00e0 am\u00e9liorer vos trajectoires. Nos instructeurs exp\u00e9riment\u00e9s seront \u00e0 vos c\u00f4t\u00e9s pour vous fournir des conseils personnalis\u00e9s, adapt\u00e9s \u00e0 votre progression tout au long de la journ\u00e9e.<\/p>\n<p>Une fois solidement attach\u00e9 dans le cockpit de la voiture F4, vous ressentirez la puissance et la pr\u00e9cision de cette machine exceptionnelle. Chaque acc\u00e9l\u00e9ration, chaque virage et chaque passage de vitesse deviendra une exp\u00e9rience inoubliable. \u00c0 mesure que votre confiance grandira, vos tours de piste deviendront plus fluides et vos sensations encore plus intenses.<\/p>\n<p>L\u2019exp\u00e9rience WINFIELD F4 DRIVING EXPERIENCE n\u2019est pas seulement une occasion de conduire une monoplace ; c\u2019est une immersion totale dans le monde du sport automobile professionnel. Sur ce circuit mondialement reconnu, vous vivrez des \u00e9motions fortes, apprendrez \u00e0 vous surpasser, et repartirez avec des souvenirs grav\u00e9s \u00e0 jamais. Alors, \u00eates-vous pr\u00eat \u00e0 relever le d\u00e9fi ?<\/p>\n","protected":false},"excerpt":{"rendered":"<p><span style=\"font-weight: 400;\">D\u00e9couvrez l&rsquo;art du pilotage sur circuit en monoplace au circuit de Sakhir !<br \/>\n<\/span><\/p>\n","protected":false},"featured_media":10271,"template":"","meta":{"_acf_changed":false},"product_brand":[],"product_cat":[16],"product_tag":[],"class_list":{"0":"post-7380","1":"product","2":"type-product","3":"status-publish","4":"has-post-thumbnail","6":"product_cat-driving-experience","8":"first","9":"outofstock","10":"taxable","11":"shipping-taxable","12":"purchasable","13":"product-type-variable","14":"has-default-attributes"},"acf":[],"yoast_head":"<!-- This site is optimized with the Yoast SEO plugin v27.5 - https:\/\/yoast.com\/product\/yoast-seo-wordpress\/ -->\n<title>F4 DRIVING EXPERIENCE - Winfield Racing School Moyen-Orient<\/title>\n<meta name=\"description\" content=\"Lib\u00e9rez votre passion en faisant vos premiers pas au volant d&#039;une monoplace avec la F4 DRIVING EXPERIENCE sur le circuit embl\u00e9matique de Sakhir \u00e0 Bahrain !\" \/>\n<meta name=\"robots\" content=\"index, follow, max-snippet:-1, max-image-preview:large, max-video-preview:-1\" \/>\n<link rel=\"canonical\" href=\"https:\/\/winfieldracingschool.com\/fr\/produit\/f4-driving-experience-moyen-orient\/\" \/>\n<meta property=\"og:locale\" content=\"fr_FR\" \/>\n<meta property=\"og:type\" content=\"article\" \/>\n<meta property=\"og:title\" content=\"F4 DRIVING EXPERIENCE - Winfield Racing School Moyen-Orient\" \/>\n<meta property=\"og:description\" content=\"Lib\u00e9rez votre passion en faisant vos premiers pas au volant d&#039;une monoplace avec la F4 DRIVING EXPERIENCE sur le circuit embl\u00e9matique de Sakhir \u00e0 Bahrain !\" \/>\n<meta property=\"og:url\" content=\"https:\/\/winfieldracingschool.com\/fr\/produit\/f4-driving-experience-moyen-orient\/\" \/>\n<meta property=\"og:site_name\" content=\"Winfield\" \/>\n<meta property=\"article:modified_time\" content=\"2025-10-28T09:56:04+00:00\" \/>\n<meta property=\"og:image\" content=\"https:\/\/winfieldracingschool.com\/wp-content\/uploads\/2025\/01\/WRS_F4-BIC_241022-\u00a9WRS-Alexis-MICLO-04-scaled.jpg\" \/>\n\t<meta property=\"og:image:width\" content=\"2560\" \/>\n\t<meta property=\"og:image:height\" content=\"1706\" \/>\n\t<meta property=\"og:image:type\" content=\"image\/jpeg\" \/>\n<meta name=\"twitter:card\" content=\"summary_large_image\" \/>\n<meta name=\"twitter:label1\" content=\"Dur\u00e9e de lecture estim\u00e9e\" \/>\n\t<meta name=\"twitter:data1\" content=\"2 minutes\" \/>\n<script type=\"application\/ld+json\" class=\"yoast-schema-graph\">{\"@context\":\"https:\\\/\\\/schema.org\",\"@graph\":[{\"@type\":\"WebPage\",\"@id\":\"https:\\\/\\\/winfieldracingschool.com\\\/fr\\\/produit\\\/f4-driving-experience-moyen-orient\\\/\",\"url\":\"https:\\\/\\\/winfieldracingschool.com\\\/fr\\\/produit\\\/f4-driving-experience-moyen-orient\\\/\",\"name\":\"F4 DRIVING EXPERIENCE - Winfield Racing School Moyen-Orient\",\"isPartOf\":{\"@id\":\"https:\\\/\\\/winfieldracingschool.com\\\/fr\\\/#website\"},\"primaryImageOfPage\":{\"@id\":\"https:\\\/\\\/winfieldracingschool.com\\\/fr\\\/produit\\\/f4-driving-experience-moyen-orient\\\/#primaryimage\"},\"image\":{\"@id\":\"https:\\\/\\\/winfieldracingschool.com\\\/fr\\\/produit\\\/f4-driving-experience-moyen-orient\\\/#primaryimage\"},\"thumbnailUrl\":\"https:\\\/\\\/winfieldracingschool.com\\\/wp-content\\\/uploads\\\/2025\\\/01\\\/WRS_F4-BIC_241022-\u00a9WRS-Alexis-MICLO-04-scaled.jpg\",\"datePublished\":\"2025-01-13T13:55:18+00:00\",\"dateModified\":\"2025-10-28T09:56:04+00:00\",\"description\":\"Lib\u00e9rez votre passion en faisant vos premiers pas au volant d'une monoplace avec la F4 DRIVING EXPERIENCE sur le circuit embl\u00e9matique de Sakhir \u00e0 Bahrain !\",\"breadcrumb\":{\"@id\":\"https:\\\/\\\/winfieldracingschool.com\\\/fr\\\/produit\\\/f4-driving-experience-moyen-orient\\\/#breadcrumb\"},\"inLanguage\":\"fr-FR\",\"potentialAction\":[{\"@type\":\"ReadAction\",\"target\":[\"https:\\\/\\\/winfieldracingschool.com\\\/fr\\\/produit\\\/f4-driving-experience-moyen-orient\\\/\"]}]},{\"@type\":\"ImageObject\",\"inLanguage\":\"fr-FR\",\"@id\":\"https:\\\/\\\/winfieldracingschool.com\\\/fr\\\/produit\\\/f4-driving-experience-moyen-orient\\\/#primaryimage\",\"url\":\"https:\\\/\\\/winfieldracingschool.com\\\/wp-content\\\/uploads\\\/2025\\\/01\\\/WRS_F4-BIC_241022-\u00a9WRS-Alexis-MICLO-04-scaled.jpg\",\"contentUrl\":\"https:\\\/\\\/winfieldracingschool.com\\\/wp-content\\\/uploads\\\/2025\\\/01\\\/WRS_F4-BIC_241022-\u00a9WRS-Alexis-MICLO-04-scaled.jpg\",\"width\":2560,\"height\":1706},{\"@type\":\"BreadcrumbList\",\"@id\":\"https:\\\/\\\/winfieldracingschool.com\\\/fr\\\/produit\\\/f4-driving-experience-moyen-orient\\\/#breadcrumb\",\"itemListElement\":[{\"@type\":\"ListItem\",\"position\":1,\"name\":\"Home\",\"item\":\"https:\\\/\\\/winfieldracingschool.com\\\/fr\\\/\"},{\"@type\":\"ListItem\",\"position\":2,\"name\":\"Exp\u00e9riences de pilotage\",\"item\":\"\\\/category\\\/driving-experience\\\/driving-experience\"},{\"@type\":\"ListItem\",\"position\":3,\"name\":\"F4 DRIVING EXPERIENCE MOYEN-ORIENT\"}]},{\"@type\":\"WebSite\",\"@id\":\"https:\\\/\\\/winfieldracingschool.com\\\/fr\\\/#website\",\"url\":\"https:\\\/\\\/winfieldracingschool.com\\\/fr\\\/\",\"name\":\"Winfield\",\"description\":\"Circuit automobile &amp; \u00c9cole de pilotage\",\"publisher\":{\"@id\":\"https:\\\/\\\/winfieldracingschool.com\\\/fr\\\/#organization\"},\"potentialAction\":[{\"@type\":\"SearchAction\",\"target\":{\"@type\":\"EntryPoint\",\"urlTemplate\":\"https:\\\/\\\/winfieldracingschool.com\\\/fr\\\/?s={search_term_string}\"},\"query-input\":{\"@type\":\"PropertyValueSpecification\",\"valueRequired\":true,\"valueName\":\"search_term_string\"}}],\"inLanguage\":\"fr-FR\"},{\"@type\":\"Organization\",\"@id\":\"https:\\\/\\\/winfieldracingschool.com\\\/fr\\\/#organization\",\"name\":\"Winfield\",\"url\":\"https:\\\/\\\/winfieldracingschool.com\\\/fr\\\/\",\"logo\":{\"@type\":\"ImageObject\",\"inLanguage\":\"fr-FR\",\"@id\":\"https:\\\/\\\/winfieldracingschool.com\\\/fr\\\/#\\\/schema\\\/logo\\\/image\\\/\",\"url\":\"https:\\\/\\\/winfieldracingschool.com\\\/wp-content\\\/uploads\\\/2023\\\/03\\\/Groupe-452.png\",\"contentUrl\":\"https:\\\/\\\/winfieldracingschool.com\\\/wp-content\\\/uploads\\\/2023\\\/03\\\/Groupe-452.png\",\"width\":186,\"height\":72,\"caption\":\"Winfield\"},\"image\":{\"@id\":\"https:\\\/\\\/winfieldracingschool.com\\\/fr\\\/#\\\/schema\\\/logo\\\/image\\\/\"}}]}<\/script>\n<!-- \/ Yoast SEO plugin. -->","yoast_head_json":{"title":"F4 DRIVING EXPERIENCE - Winfield Racing School Moyen-Orient","description":"Lib\u00e9rez votre passion en faisant vos premiers pas au volant d'une monoplace avec la F4 DRIVING EXPERIENCE sur le circuit embl\u00e9matique de Sakhir \u00e0 Bahrain !","robots":{"index":"index","follow":"follow","max-snippet":"max-snippet:-1","max-image-preview":"max-image-preview:large","max-video-preview":"max-video-preview:-1"},"canonical":"https:\/\/winfieldracingschool.com\/fr\/produit\/f4-driving-experience-moyen-orient\/","og_locale":"fr_FR","og_type":"article","og_title":"F4 DRIVING EXPERIENCE - Winfield Racing School Moyen-Orient","og_description":"Lib\u00e9rez votre passion en faisant vos premiers pas au volant d'une monoplace avec la F4 DRIVING EXPERIENCE sur le circuit embl\u00e9matique de Sakhir \u00e0 Bahrain !","og_url":"https:\/\/winfieldracingschool.com\/fr\/produit\/f4-driving-experience-moyen-orient\/","og_site_name":"Winfield","article_modified_time":"2025-10-28T09:56:04+00:00","og_image":[{"width":2560,"height":1706,"url":"https:\/\/winfieldracingschool.com\/wp-content\/uploads\/2025\/01\/WRS_F4-BIC_241022-\u00a9WRS-Alexis-MICLO-04-scaled.jpg","type":"image\/jpeg"}],"twitter_card":"summary_large_image","twitter_misc":{"Dur\u00e9e de lecture estim\u00e9e":"2 minutes"},"schema":{"@context":"https:\/\/schema.org","@graph":[{"@type":"WebPage","@id":"https:\/\/winfieldracingschool.com\/fr\/produit\/f4-driving-experience-moyen-orient\/","url":"https:\/\/winfieldracingschool.com\/fr\/produit\/f4-driving-experience-moyen-orient\/","name":"F4 DRIVING EXPERIENCE - Winfield Racing School Moyen-Orient","isPartOf":{"@id":"https:\/\/winfieldracingschool.com\/fr\/#website"},"primaryImageOfPage":{"@id":"https:\/\/winfieldracingschool.com\/fr\/produit\/f4-driving-experience-moyen-orient\/#primaryimage"},"image":{"@id":"https:\/\/winfieldracingschool.com\/fr\/produit\/f4-driving-experience-moyen-orient\/#primaryimage"},"thumbnailUrl":"https:\/\/winfieldracingschool.com\/wp-content\/uploads\/2025\/01\/WRS_F4-BIC_241022-\u00a9WRS-Alexis-MICLO-04-scaled.jpg","datePublished":"2025-01-13T13:55:18+00:00","dateModified":"2025-10-28T09:56:04+00:00","description":"Lib\u00e9rez votre passion en faisant vos premiers pas au volant d'une monoplace avec la F4 DRIVING EXPERIENCE sur le circuit embl\u00e9matique de Sakhir \u00e0 Bahrain !","breadcrumb":{"@id":"https:\/\/winfieldracingschool.com\/fr\/produit\/f4-driving-experience-moyen-orient\/#breadcrumb"},"inLanguage":"fr-FR","potentialAction":[{"@type":"ReadAction","target":["https:\/\/winfieldracingschool.com\/fr\/produit\/f4-driving-experience-moyen-orient\/"]}]},{"@type":"ImageObject","inLanguage":"fr-FR","@id":"https:\/\/winfieldracingschool.com\/fr\/produit\/f4-driving-experience-moyen-orient\/#primaryimage","url":"https:\/\/winfieldracingschool.com\/wp-content\/uploads\/2025\/01\/WRS_F4-BIC_241022-\u00a9WRS-Alexis-MICLO-04-scaled.jpg","contentUrl":"https:\/\/winfieldracingschool.com\/wp-content\/uploads\/2025\/01\/WRS_F4-BIC_241022-\u00a9WRS-Alexis-MICLO-04-scaled.jpg","width":2560,"height":1706},{"@type":"BreadcrumbList","@id":"https:\/\/winfieldracingschool.com\/fr\/produit\/f4-driving-experience-moyen-orient\/#breadcrumb","itemListElement":[{"@type":"ListItem","position":1,"name":"Home","item":"https:\/\/winfieldracingschool.com\/fr\/"},{"@type":"ListItem","position":2,"name":"Exp\u00e9riences de pilotage","item":"\/category\/driving-experience\/driving-experience"},{"@type":"ListItem","position":3,"name":"F4 DRIVING EXPERIENCE MOYEN-ORIENT"}]},{"@type":"WebSite","@id":"https:\/\/winfieldracingschool.com\/fr\/#website","url":"https:\/\/winfieldracingschool.com\/fr\/","name":"Winfield","description":"Circuit automobile &amp; \u00c9cole de pilotage","publisher":{"@id":"https:\/\/winfieldracingschool.com\/fr\/#organization"},"potentialAction":[{"@type":"SearchAction","target":{"@type":"EntryPoint","urlTemplate":"https:\/\/winfieldracingschool.com\/fr\/?s={search_term_string}"},"query-input":{"@type":"PropertyValueSpecification","valueRequired":true,"valueName":"search_term_string"}}],"inLanguage":"fr-FR"},{"@type":"Organization","@id":"https:\/\/winfieldracingschool.com\/fr\/#organization","name":"Winfield","url":"https:\/\/winfieldracingschool.com\/fr\/","logo":{"@type":"ImageObject","inLanguage":"fr-FR","@id":"https:\/\/winfieldracingschool.com\/fr\/#\/schema\/logo\/image\/","url":"https:\/\/winfieldracingschool.com\/wp-content\/uploads\/2023\/03\/Groupe-452.png","contentUrl":"https:\/\/winfieldracingschool.com\/wp-content\/uploads\/2023\/03\/Groupe-452.png","width":186,"height":72,"caption":"Winfield"},"image":{"@id":"https:\/\/winfieldracingschool.com\/fr\/#\/schema\/logo\/image\/"}}]}},"_links":{"self":[{"href":"https:\/\/winfieldracingschool.com\/fr\/wp-json\/wp\/v2\/product\/7380","targetHints":{"allow":["GET"]}}],"collection":[{"href":"https:\/\/winfieldracingschool.com\/fr\/wp-json\/wp\/v2\/product"}],"about":[{"href":"https:\/\/winfieldracingschool.com\/fr\/wp-json\/wp\/v2\/types\/product"}],"wp:featuredmedia":[{"embeddable":true,"href":"https:\/\/winfieldracingschool.com\/fr\/wp-json\/wp\/v2\/media\/10271"}],"wp:attachment":[{"href":"https:\/\/winfieldracingschool.com\/fr\/wp-json\/wp\/v2\/media?parent=7380"}],"wp:term":[{"taxonomy":"product_brand","embeddable":true,"href":"https:\/\/winfieldracingschool.com\/fr\/wp-json\/wp\/v2\/product_brand?post=7380"},{"taxonomy":"product_cat","embeddable":true,"href":"https:\/\/winfieldracingschool.com\/fr\/wp-json\/wp\/v2\/product_cat?post=7380"},{"taxonomy":"product_tag","embeddable":true,"href":"https:\/\/winfieldracingschool.com\/fr\/wp-json\/wp\/v2\/product_tag?post=7380"}],"curies":[{"name":"wp","href":"https:\/\/api.w.org\/{rel}","templated":true}]}}