{"id":6496,"date":"2023-09-05T12:12:27","date_gmt":"2023-09-05T10:12:27","guid":{"rendered":"https:\/\/winfieldracingschool.com\/?page_id=6496"},"modified":"2025-10-15T14:24:09","modified_gmt":"2025-10-15T12:24:09","slug":"cgu","status":"publish","type":"page","link":"https:\/\/winfieldracingschool.com\/fr\/cgu\/","title":{"rendered":"CGU"},"content":{"rendered":"<p>&nbsp;<\/p>\n<p><strong>Bienvenue sur le site internet de Winfield Racing School (ci-apr\u00e8s d\u00e9nomm\u00e9 \u00ab\u00a0www.winfieldracingschool.com\u00a0\u00bb). En utilisant ce Site, vous acceptez les pr\u00e9sentes Conditions G\u00e9n\u00e9rales d&rsquo;Utilisation (ci-apr\u00e8s d\u00e9nomm\u00e9es \u00ab\u00a0CGU\u00a0\u00bb). Si vous n&rsquo;acceptez pas ces CGU, veuillez ne pas utiliser ce Site.<\/strong><\/p>\n<p>&nbsp;<\/p>\n<p><strong>1. Acceptation des CGU<\/strong><\/p>\n<p>En utilisant ce Site, vous acceptez d&rsquo;\u00eatre li\u00e9 par les pr\u00e9sentes CGU et vous vous engagez \u00e0 les respecter. Si vous n&rsquo;acceptez pas ces CGU, veuillez ne pas utiliser www.winfieldracingschool.com.<\/p>\n<p>&nbsp;<\/p>\n<p><strong>2. <\/strong><strong>Utilisation du Site<\/strong><\/p>\n<p>2.1. Vous acceptez d&rsquo;utiliser ce Site conform\u00e9ment \u00e0 toutes les lois et r\u00e9glementations applicables.<\/p>\n<p>2.2. Vous vous engagez \u00e0 ne pas utiliser ce Site \u00e0 des fins ill\u00e9gales ou interdites par les pr\u00e9sentes CGU.<\/p>\n<p>&nbsp;<\/p>\n<p><strong>3. Contenu du Site<\/strong><\/p>\n<p>3.1. Winfield Racing School se r\u00e9serve le droit de modifier, de supprimer ou de mettre \u00e0 jour le contenu de www.winfieldracingschool.com \u00e0 tout moment sans pr\u00e9avis.<\/p>\n<p>&nbsp;<\/p>\n<p><strong>4. Propri\u00e9t\u00e9 Intellectuelle<\/strong><\/p>\n<p>4.1. Tout le contenu pr\u00e9sent sur www.winfieldracingschool.com, y compris, mais sans s&rsquo;y limiter, les textes, les images, les vid\u00e9os, les logos et les graphiques, est la propri\u00e9t\u00e9 exclusive de Winfield Racing School et est prot\u00e9g\u00e9 par les lois sur la propri\u00e9t\u00e9 intellectuelle.<\/p>\n<p>4.2. Vous ne pouvez pas reproduire, distribuer, afficher, transmettre, modifier ou exploiter de quelque mani\u00e8re que ce soit le contenu de www.winfieldracingschool.com sans l&rsquo;autorisation \u00e9crite pr\u00e9alable de Winfield Racing School.<\/p>\n<p>&nbsp;<\/p>\n<p><strong>5. Liens vers des Sites Tiers<\/strong><\/p>\n<p>www.winfieldracingschool.com peut contenir des liens vers des sites web de tiers. Winfield Racing School n&rsquo;est pas responsable du contenu de ces sites web tiers et ne peut pas garantir leur exactitude ou leur s\u00e9curit\u00e9. L&rsquo;utilisation de ces liens vers des sites web tiers est \u00e0 vos propres risques.<\/p>\n<p>&nbsp;<\/p>\n<p><strong>6. Confidentialit\u00e9<\/strong><\/p>\n<p>La collecte et l&rsquo;utilisation de vos donn\u00e9es personnelles sont soumises \u00e0 notre Politique de Confidentialit\u00e9, que vous pouvez consulter sur www.winfieldracingschool.com.<\/p>\n<p>&nbsp;<\/p>\n<p><strong>7. Limitation de Responsabilit\u00e9<\/strong><\/p>\n<p>Winfield Racing School ne sera pas responsable des dommages directs, indirects, accessoires, sp\u00e9ciaux ou cons\u00e9cutifs d\u00e9coulant de votre utilisation ou de votre incapacit\u00e9 \u00e0 utiliser www.winfieldracingschool.com.<\/p>\n<p>&nbsp;<\/p>\n<p><strong>8. Modifications des CGU<\/strong><\/p>\n<p>Winfield Racing School se r\u00e9serve le droit de modifier ces CGU \u00e0 tout moment. Toute modification prendra effet imm\u00e9diatement apr\u00e8s sa publication sur www.winfieldracingschool.com. Nous vous encourageons \u00e0 consulter r\u00e9guli\u00e8rement les CGU pour \u00eatre inform\u00e9 des \u00e9ventuelles modifications.<\/p>\n<p>&nbsp;<\/p>\n<p><strong>9. Contact<\/strong><\/p>\n<p>Si vous avez des questions ou des pr\u00e9occupations concernant ces CGU, veuillez nous contacter \u00e0 l&rsquo;adresse contact@winfieldracingschool.com.<\/p>\n","protected":false},"excerpt":{"rendered":"<p>&nbsp; Bienvenue sur le site internet de Winfield Racing School (ci-apr\u00e8s d\u00e9nomm\u00e9 \u00ab\u00a0www.winfieldracingschool.com\u00a0\u00bb). En utilisant ce Site, vous acceptez les pr\u00e9sentes Conditions G\u00e9n\u00e9rales d&rsquo;Utilisation (ci-apr\u00e8s d\u00e9nomm\u00e9es \u00ab\u00a0CGU\u00a0\u00bb). Si vous n&rsquo;acceptez pas ces CGU, veuillez ne pas utiliser ce Site. &nbsp; 1. Acceptation des CGU En utilisant ce Site, vous acceptez d&rsquo;\u00eatre li\u00e9 par les pr\u00e9sentes [&hellip;]<\/p>\n","protected":false},"author":7,"featured_media":10786,"parent":0,"menu_order":0,"comment_status":"closed","ping_status":"closed","template":"","meta":{"_acf_changed":false,"footnotes":""},"class_list":["post-6496","page","type-page","status-publish","has-post-thumbnail","hentry"],"acf":[],"yoast_head":"<!-- This site is optimized with the Yoast SEO plugin v27.5 - https:\/\/yoast.com\/product\/yoast-seo-wordpress\/ -->\n<title>CGU - Winfield<\/title>\n<meta name=\"description\" content=\"Bienvenue sur le site internet de Winfield Racing School. En utilisant ce site, vous acceptez les Conditions G\u00e9n\u00e9rales d&#039;Utilisation (CGU).\" \/>\n<meta name=\"robots\" content=\"index, follow, max-snippet:-1, max-image-preview:large, max-video-preview:-1\" \/>\n<link rel=\"canonical\" href=\"https:\/\/winfieldracingschool.com\/fr\/cgu\/\" \/>\n<meta property=\"og:locale\" content=\"fr_FR\" \/>\n<meta property=\"og:type\" content=\"article\" \/>\n<meta property=\"og:title\" content=\"CGU - Winfield\" \/>\n<meta property=\"og:description\" content=\"Bienvenue sur le site internet de Winfield Racing School. En utilisant ce site, vous acceptez les Conditions G\u00e9n\u00e9rales d&#039;Utilisation (CGU).\" \/>\n<meta property=\"og:url\" content=\"https:\/\/winfieldracingschool.com\/fr\/cgu\/\" \/>\n<meta property=\"og:site_name\" content=\"Winfield\" \/>\n<meta property=\"article:modified_time\" content=\"2025-10-15T12:24:09+00:00\" \/>\n<meta property=\"og:image\" content=\"https:\/\/winfieldracingschool.com\/wp-content\/uploads\/2025\/10\/18.04.23-WINFIELD-F4-\u00a9-Morgan-MATHURIN-1486-scaled.jpg\" \/>\n\t<meta property=\"og:image:width\" content=\"2560\" \/>\n\t<meta property=\"og:image:height\" content=\"1707\" \/>\n\t<meta property=\"og:image:type\" content=\"image\/jpeg\" \/>\n<meta name=\"twitter:card\" content=\"summary_large_image\" \/>\n<meta name=\"twitter:label1\" content=\"Dur\u00e9e de lecture estim\u00e9e\" \/>\n\t<meta name=\"twitter:data1\" content=\"2 minutes\" \/>\n<script type=\"application\/ld+json\" class=\"yoast-schema-graph\">{\"@context\":\"https:\\\/\\\/schema.org\",\"@graph\":[{\"@type\":\"WebPage\",\"@id\":\"https:\\\/\\\/winfieldracingschool.com\\\/fr\\\/cgu\\\/\",\"url\":\"https:\\\/\\\/winfieldracingschool.com\\\/fr\\\/cgu\\\/\",\"name\":\"CGU - Winfield\",\"isPartOf\":{\"@id\":\"https:\\\/\\\/winfieldracingschool.com\\\/fr\\\/#website\"},\"primaryImageOfPage\":{\"@id\":\"https:\\\/\\\/winfieldracingschool.com\\\/fr\\\/cgu\\\/#primaryimage\"},\"image\":{\"@id\":\"https:\\\/\\\/winfieldracingschool.com\\\/fr\\\/cgu\\\/#primaryimage\"},\"thumbnailUrl\":\"https:\\\/\\\/winfieldracingschool.com\\\/wp-content\\\/uploads\\\/2025\\\/10\\\/18.04.23-WINFIELD-F4-\u00a9-Morgan-MATHURIN-1486-scaled.jpg\",\"datePublished\":\"2023-09-05T10:12:27+00:00\",\"dateModified\":\"2025-10-15T12:24:09+00:00\",\"description\":\"Bienvenue sur le site internet de Winfield Racing School. En utilisant ce site, vous acceptez les Conditions G\u00e9n\u00e9rales d'Utilisation (CGU).\",\"breadcrumb\":{\"@id\":\"https:\\\/\\\/winfieldracingschool.com\\\/fr\\\/cgu\\\/#breadcrumb\"},\"inLanguage\":\"fr-FR\",\"potentialAction\":[{\"@type\":\"ReadAction\",\"target\":[\"https:\\\/\\\/winfieldracingschool.com\\\/fr\\\/cgu\\\/\"]}]},{\"@type\":\"ImageObject\",\"inLanguage\":\"fr-FR\",\"@id\":\"https:\\\/\\\/winfieldracingschool.com\\\/fr\\\/cgu\\\/#primaryimage\",\"url\":\"https:\\\/\\\/winfieldracingschool.com\\\/wp-content\\\/uploads\\\/2025\\\/10\\\/18.04.23-WINFIELD-F4-\u00a9-Morgan-MATHURIN-1486-scaled.jpg\",\"contentUrl\":\"https:\\\/\\\/winfieldracingschool.com\\\/wp-content\\\/uploads\\\/2025\\\/10\\\/18.04.23-WINFIELD-F4-\u00a9-Morgan-MATHURIN-1486-scaled.jpg\",\"width\":2560,\"height\":1707},{\"@type\":\"BreadcrumbList\",\"@id\":\"https:\\\/\\\/winfieldracingschool.com\\\/fr\\\/cgu\\\/#breadcrumb\",\"itemListElement\":[{\"@type\":\"ListItem\",\"position\":1,\"name\":\"Home\",\"item\":\"https:\\\/\\\/winfieldracingschool.com\\\/fr\\\/\"},{\"@type\":\"ListItem\",\"position\":2,\"name\":\"CGU\"}]},{\"@type\":\"WebSite\",\"@id\":\"https:\\\/\\\/winfieldracingschool.com\\\/fr\\\/#website\",\"url\":\"https:\\\/\\\/winfieldracingschool.com\\\/fr\\\/\",\"name\":\"Winfield\",\"description\":\"Circuit automobile &amp; \u00c9cole de pilotage\",\"publisher\":{\"@id\":\"https:\\\/\\\/winfieldracingschool.com\\\/fr\\\/#organization\"},\"potentialAction\":[{\"@type\":\"SearchAction\",\"target\":{\"@type\":\"EntryPoint\",\"urlTemplate\":\"https:\\\/\\\/winfieldracingschool.com\\\/fr\\\/?s={search_term_string}\"},\"query-input\":{\"@type\":\"PropertyValueSpecification\",\"valueRequired\":true,\"valueName\":\"search_term_string\"}}],\"inLanguage\":\"fr-FR\"},{\"@type\":\"Organization\",\"@id\":\"https:\\\/\\\/winfieldracingschool.com\\\/fr\\\/#organization\",\"name\":\"Winfield\",\"url\":\"https:\\\/\\\/winfieldracingschool.com\\\/fr\\\/\",\"logo\":{\"@type\":\"ImageObject\",\"inLanguage\":\"fr-FR\",\"@id\":\"https:\\\/\\\/winfieldracingschool.com\\\/fr\\\/#\\\/schema\\\/logo\\\/image\\\/\",\"url\":\"https:\\\/\\\/winfieldracingschool.com\\\/wp-content\\\/uploads\\\/2023\\\/03\\\/Groupe-452.png\",\"contentUrl\":\"https:\\\/\\\/winfieldracingschool.com\\\/wp-content\\\/uploads\\\/2023\\\/03\\\/Groupe-452.png\",\"width\":186,\"height\":72,\"caption\":\"Winfield\"},\"image\":{\"@id\":\"https:\\\/\\\/winfieldracingschool.com\\\/fr\\\/#\\\/schema\\\/logo\\\/image\\\/\"}}]}<\/script>\n<!-- \/ Yoast SEO plugin. -->","yoast_head_json":{"title":"CGU - Winfield","description":"Bienvenue sur le site internet de Winfield Racing School. En utilisant ce site, vous acceptez les Conditions G\u00e9n\u00e9rales d'Utilisation (CGU).","robots":{"index":"index","follow":"follow","max-snippet":"max-snippet:-1","max-image-preview":"max-image-preview:large","max-video-preview":"max-video-preview:-1"},"canonical":"https:\/\/winfieldracingschool.com\/fr\/cgu\/","og_locale":"fr_FR","og_type":"article","og_title":"CGU - Winfield","og_description":"Bienvenue sur le site internet de Winfield Racing School. En utilisant ce site, vous acceptez les Conditions G\u00e9n\u00e9rales d'Utilisation (CGU).","og_url":"https:\/\/winfieldracingschool.com\/fr\/cgu\/","og_site_name":"Winfield","article_modified_time":"2025-10-15T12:24:09+00:00","og_image":[{"width":2560,"height":1707,"url":"https:\/\/winfieldracingschool.com\/wp-content\/uploads\/2025\/10\/18.04.23-WINFIELD-F4-\u00a9-Morgan-MATHURIN-1486-scaled.jpg","type":"image\/jpeg"}],"twitter_card":"summary_large_image","twitter_misc":{"Dur\u00e9e de lecture estim\u00e9e":"2 minutes"},"schema":{"@context":"https:\/\/schema.org","@graph":[{"@type":"WebPage","@id":"https:\/\/winfieldracingschool.com\/fr\/cgu\/","url":"https:\/\/winfieldracingschool.com\/fr\/cgu\/","name":"CGU - Winfield","isPartOf":{"@id":"https:\/\/winfieldracingschool.com\/fr\/#website"},"primaryImageOfPage":{"@id":"https:\/\/winfieldracingschool.com\/fr\/cgu\/#primaryimage"},"image":{"@id":"https:\/\/winfieldracingschool.com\/fr\/cgu\/#primaryimage"},"thumbnailUrl":"https:\/\/winfieldracingschool.com\/wp-content\/uploads\/2025\/10\/18.04.23-WINFIELD-F4-\u00a9-Morgan-MATHURIN-1486-scaled.jpg","datePublished":"2023-09-05T10:12:27+00:00","dateModified":"2025-10-15T12:24:09+00:00","description":"Bienvenue sur le site internet de Winfield Racing School. En utilisant ce site, vous acceptez les Conditions G\u00e9n\u00e9rales d'Utilisation (CGU).","breadcrumb":{"@id":"https:\/\/winfieldracingschool.com\/fr\/cgu\/#breadcrumb"},"inLanguage":"fr-FR","potentialAction":[{"@type":"ReadAction","target":["https:\/\/winfieldracingschool.com\/fr\/cgu\/"]}]},{"@type":"ImageObject","inLanguage":"fr-FR","@id":"https:\/\/winfieldracingschool.com\/fr\/cgu\/#primaryimage","url":"https:\/\/winfieldracingschool.com\/wp-content\/uploads\/2025\/10\/18.04.23-WINFIELD-F4-\u00a9-Morgan-MATHURIN-1486-scaled.jpg","contentUrl":"https:\/\/winfieldracingschool.com\/wp-content\/uploads\/2025\/10\/18.04.23-WINFIELD-F4-\u00a9-Morgan-MATHURIN-1486-scaled.jpg","width":2560,"height":1707},{"@type":"BreadcrumbList","@id":"https:\/\/winfieldracingschool.com\/fr\/cgu\/#breadcrumb","itemListElement":[{"@type":"ListItem","position":1,"name":"Home","item":"https:\/\/winfieldracingschool.com\/fr\/"},{"@type":"ListItem","position":2,"name":"CGU"}]},{"@type":"WebSite","@id":"https:\/\/winfieldracingschool.com\/fr\/#website","url":"https:\/\/winfieldracingschool.com\/fr\/","name":"Winfield","description":"Circuit automobile &amp; \u00c9cole de pilotage","publisher":{"@id":"https:\/\/winfieldracingschool.com\/fr\/#organization"},"potentialAction":[{"@type":"SearchAction","target":{"@type":"EntryPoint","urlTemplate":"https:\/\/winfieldracingschool.com\/fr\/?s={search_term_string}"},"query-input":{"@type":"PropertyValueSpecification","valueRequired":true,"valueName":"search_term_string"}}],"inLanguage":"fr-FR"},{"@type":"Organization","@id":"https:\/\/winfieldracingschool.com\/fr\/#organization","name":"Winfield","url":"https:\/\/winfieldracingschool.com\/fr\/","logo":{"@type":"ImageObject","inLanguage":"fr-FR","@id":"https:\/\/winfieldracingschool.com\/fr\/#\/schema\/logo\/image\/","url":"https:\/\/winfieldracingschool.com\/wp-content\/uploads\/2023\/03\/Groupe-452.png","contentUrl":"https:\/\/winfieldracingschool.com\/wp-content\/uploads\/2023\/03\/Groupe-452.png","width":186,"height":72,"caption":"Winfield"},"image":{"@id":"https:\/\/winfieldracingschool.com\/fr\/#\/schema\/logo\/image\/"}}]}},"_links":{"self":[{"href":"https:\/\/winfieldracingschool.com\/fr\/wp-json\/wp\/v2\/pages\/6496","targetHints":{"allow":["GET"]}}],"collection":[{"href":"https:\/\/winfieldracingschool.com\/fr\/wp-json\/wp\/v2\/pages"}],"about":[{"href":"https:\/\/winfieldracingschool.com\/fr\/wp-json\/wp\/v2\/types\/page"}],"author":[{"embeddable":true,"href":"https:\/\/winfieldracingschool.com\/fr\/wp-json\/wp\/v2\/users\/7"}],"replies":[{"embeddable":true,"href":"https:\/\/winfieldracingschool.com\/fr\/wp-json\/wp\/v2\/comments?post=6496"}],"version-history":[{"count":2,"href":"https:\/\/winfieldracingschool.com\/fr\/wp-json\/wp\/v2\/pages\/6496\/revisions"}],"predecessor-version":[{"id":6499,"href":"https:\/\/winfieldracingschool.com\/fr\/wp-json\/wp\/v2\/pages\/6496\/revisions\/6499"}],"wp:featuredmedia":[{"embeddable":true,"href":"https:\/\/winfieldracingschool.com\/fr\/wp-json\/wp\/v2\/media\/10786"}],"wp:attachment":[{"href":"https:\/\/winfieldracingschool.com\/fr\/wp-json\/wp\/v2\/media?parent=6496"}],"curies":[{"name":"wp","href":"https:\/\/api.w.org\/{rel}","templated":true}]}}