{"id":6086,"date":"2023-07-07T16:01:57","date_gmt":"2023-07-07T14:01:57","guid":{"rendered":"https:\/\/winfieldracingschool.com\/?page_id=6086"},"modified":"2025-10-07T15:25:43","modified_gmt":"2025-10-07T13:25:43","slug":"installations","status":"publish","type":"page","link":"https:\/\/winfieldracingschool.com\/fr\/discover\/installations\/","title":{"rendered":"INSTALLATIONS"},"content":{"rendered":"<p><span style=\"font-weight: 400;\">WINFIELD RACING SCHOOL b\u00e9n\u00e9ficie d&rsquo;un emplacement exceptionnel pour l\u2019organisation d\u2019\u00e9v\u00e9nements, essais priv\u00e9s ou r\u00e9visions techniques hivernales pour les \u00e9curies. Un b\u00e2timent construit sp\u00e9cialement \u00e0 cet effet fait face \u00e0 la ligne droite du Mistral, offrant une vue imprenable et un acc\u00e8s direct \u00e0 la piste.<\/span><\/p>\n<p><span style=\"font-weight: 400;\">Notre atelier de 175 m\u00b2 fournit aux \u00e9quipes de course le terrain id\u00e9al pour des journ\u00e9es d&rsquo;essais confidentielles ou un hub technique pendant la saison hivernale. Pour plus d&rsquo;informations et une liste d\u00e9taill\u00e9e de nos espaces, veuillez nous contacter.<\/span><\/p>\n<p>&nbsp;<\/p>\n<p><a class=\"btn\" href=\"https:\/\/www.google.com\/maps\/uv?pb=!1s0x12c9096f95291d63%3A0xcebc9b01ce8f557c!5sWINFIELD%20RACING%20SCHOOL!15sCgIgARICEAE&amp;imagekey=!1e10!2sAF1QipMUj5DG0JC1ZRaPrgdPH3JQRkqgd16c1onacCqH\" target=\"_blank\" rel=\"noopener\">VISITE VIRTUELLE<\/a><\/p>\n","protected":false},"excerpt":{"rendered":"<p>WINFIELD RACING SCHOOL b\u00e9n\u00e9ficie d&rsquo;un emplacement exceptionnel pour l\u2019organisation d\u2019\u00e9v\u00e9nements, essais priv\u00e9s ou r\u00e9visions techniques hivernales pour les \u00e9curies. Un b\u00e2timent construit sp\u00e9cialement \u00e0 cet effet fait face \u00e0 la ligne droite du Mistral, offrant une vue imprenable et un acc\u00e8s direct \u00e0 la piste. Notre atelier de 175 m\u00b2 fournit aux \u00e9quipes de course [&hellip;]<\/p>\n","protected":false},"author":7,"featured_media":10718,"parent":197,"menu_order":0,"comment_status":"closed","ping_status":"closed","template":"template-decouvrir.php","meta":{"_acf_changed":false,"footnotes":""},"class_list":["post-6086","page","type-page","status-publish","has-post-thumbnail","hentry"],"acf":[],"yoast_head":"<!-- This site is optimized with the Yoast SEO plugin v27.5 - https:\/\/yoast.com\/product\/yoast-seo-wordpress\/ -->\n<title>INSTALLATIONS - Winfield Racing School<\/title>\n<meta name=\"description\" content=\"Profitez de nos installations situ\u00e9es le long de la ligne droite du Mistral du Circuit Paul Ricard pour des \u00e9v\u00e9nements, des essais priv\u00e9s...\" \/>\n<meta name=\"robots\" content=\"index, follow, max-snippet:-1, max-image-preview:large, max-video-preview:-1\" \/>\n<link rel=\"canonical\" href=\"https:\/\/winfieldracingschool.com\/fr\/discover\/installations\/\" \/>\n<meta property=\"og:locale\" content=\"fr_FR\" \/>\n<meta property=\"og:type\" content=\"article\" \/>\n<meta property=\"og:title\" content=\"INSTALLATIONS - Winfield Racing School\" \/>\n<meta property=\"og:description\" content=\"Profitez de nos installations situ\u00e9es le long de la ligne droite du Mistral du Circuit Paul Ricard pour des \u00e9v\u00e9nements, des essais priv\u00e9s...\" \/>\n<meta property=\"og:url\" content=\"https:\/\/winfieldracingschool.com\/fr\/discover\/installations\/\" \/>\n<meta property=\"og:site_name\" content=\"Winfield\" \/>\n<meta property=\"article:modified_time\" content=\"2025-10-07T13:25:43+00:00\" \/>\n<meta property=\"og:image\" content=\"https:\/\/winfieldracingschool.com\/wp-content\/uploads\/2025\/10\/FACILITIES_Header-1-1-scaled.jpg\" \/>\n\t<meta property=\"og:image:width\" content=\"2560\" \/>\n\t<meta property=\"og:image:height\" content=\"1535\" \/>\n\t<meta property=\"og:image:type\" content=\"image\/jpeg\" \/>\n<meta name=\"twitter:card\" content=\"summary_large_image\" \/>\n<meta name=\"twitter:label1\" content=\"Dur\u00e9e de lecture estim\u00e9e\" \/>\n\t<meta name=\"twitter:data1\" content=\"1 minute\" \/>\n<script type=\"application\/ld+json\" class=\"yoast-schema-graph\">{\"@context\":\"https:\\\/\\\/schema.org\",\"@graph\":[{\"@type\":\"WebPage\",\"@id\":\"https:\\\/\\\/winfieldracingschool.com\\\/fr\\\/discover\\\/installations\\\/\",\"url\":\"https:\\\/\\\/winfieldracingschool.com\\\/fr\\\/discover\\\/installations\\\/\",\"name\":\"INSTALLATIONS - Winfield Racing School\",\"isPartOf\":{\"@id\":\"https:\\\/\\\/winfieldracingschool.com\\\/fr\\\/#website\"},\"primaryImageOfPage\":{\"@id\":\"https:\\\/\\\/winfieldracingschool.com\\\/fr\\\/discover\\\/installations\\\/#primaryimage\"},\"image\":{\"@id\":\"https:\\\/\\\/winfieldracingschool.com\\\/fr\\\/discover\\\/installations\\\/#primaryimage\"},\"thumbnailUrl\":\"https:\\\/\\\/winfieldracingschool.com\\\/wp-content\\\/uploads\\\/2025\\\/10\\\/FACILITIES_Header-1-1-scaled.jpg\",\"datePublished\":\"2023-07-07T14:01:57+00:00\",\"dateModified\":\"2025-10-07T13:25:43+00:00\",\"description\":\"Profitez de nos installations situ\u00e9es le long de la ligne droite du Mistral du Circuit Paul Ricard pour des \u00e9v\u00e9nements, des essais priv\u00e9s...\",\"breadcrumb\":{\"@id\":\"https:\\\/\\\/winfieldracingschool.com\\\/fr\\\/discover\\\/installations\\\/#breadcrumb\"},\"inLanguage\":\"fr-FR\",\"potentialAction\":[{\"@type\":\"ReadAction\",\"target\":[\"https:\\\/\\\/winfieldracingschool.com\\\/fr\\\/discover\\\/installations\\\/\"]}]},{\"@type\":\"ImageObject\",\"inLanguage\":\"fr-FR\",\"@id\":\"https:\\\/\\\/winfieldracingschool.com\\\/fr\\\/discover\\\/installations\\\/#primaryimage\",\"url\":\"https:\\\/\\\/winfieldracingschool.com\\\/wp-content\\\/uploads\\\/2025\\\/10\\\/FACILITIES_Header-1-1-scaled.jpg\",\"contentUrl\":\"https:\\\/\\\/winfieldracingschool.com\\\/wp-content\\\/uploads\\\/2025\\\/10\\\/FACILITIES_Header-1-1-scaled.jpg\",\"width\":2560,\"height\":1535},{\"@type\":\"BreadcrumbList\",\"@id\":\"https:\\\/\\\/winfieldracingschool.com\\\/fr\\\/discover\\\/installations\\\/#breadcrumb\",\"itemListElement\":[{\"@type\":\"ListItem\",\"position\":1,\"name\":\"Home\",\"item\":\"https:\\\/\\\/winfieldracingschool.com\\\/fr\\\/\"},{\"@type\":\"ListItem\",\"position\":2,\"name\":\"D\u00e9couvrir Winfield\",\"item\":\"https:\\\/\\\/winfieldracingschool.com\\\/fr\\\/discover\\\/\"},{\"@type\":\"ListItem\",\"position\":3,\"name\":\"INSTALLATIONS\"}]},{\"@type\":\"WebSite\",\"@id\":\"https:\\\/\\\/winfieldracingschool.com\\\/fr\\\/#website\",\"url\":\"https:\\\/\\\/winfieldracingschool.com\\\/fr\\\/\",\"name\":\"Winfield\",\"description\":\"Circuit automobile &amp; \u00c9cole de pilotage\",\"publisher\":{\"@id\":\"https:\\\/\\\/winfieldracingschool.com\\\/fr\\\/#organization\"},\"potentialAction\":[{\"@type\":\"SearchAction\",\"target\":{\"@type\":\"EntryPoint\",\"urlTemplate\":\"https:\\\/\\\/winfieldracingschool.com\\\/fr\\\/?s={search_term_string}\"},\"query-input\":{\"@type\":\"PropertyValueSpecification\",\"valueRequired\":true,\"valueName\":\"search_term_string\"}}],\"inLanguage\":\"fr-FR\"},{\"@type\":\"Organization\",\"@id\":\"https:\\\/\\\/winfieldracingschool.com\\\/fr\\\/#organization\",\"name\":\"Winfield\",\"url\":\"https:\\\/\\\/winfieldracingschool.com\\\/fr\\\/\",\"logo\":{\"@type\":\"ImageObject\",\"inLanguage\":\"fr-FR\",\"@id\":\"https:\\\/\\\/winfieldracingschool.com\\\/fr\\\/#\\\/schema\\\/logo\\\/image\\\/\",\"url\":\"https:\\\/\\\/winfieldracingschool.com\\\/wp-content\\\/uploads\\\/2023\\\/03\\\/Groupe-452.png\",\"contentUrl\":\"https:\\\/\\\/winfieldracingschool.com\\\/wp-content\\\/uploads\\\/2023\\\/03\\\/Groupe-452.png\",\"width\":186,\"height\":72,\"caption\":\"Winfield\"},\"image\":{\"@id\":\"https:\\\/\\\/winfieldracingschool.com\\\/fr\\\/#\\\/schema\\\/logo\\\/image\\\/\"}}]}<\/script>\n<!-- \/ Yoast SEO plugin. -->","yoast_head_json":{"title":"INSTALLATIONS - Winfield Racing School","description":"Profitez de nos installations situ\u00e9es le long de la ligne droite du Mistral du Circuit Paul Ricard pour des \u00e9v\u00e9nements, des essais priv\u00e9s...","robots":{"index":"index","follow":"follow","max-snippet":"max-snippet:-1","max-image-preview":"max-image-preview:large","max-video-preview":"max-video-preview:-1"},"canonical":"https:\/\/winfieldracingschool.com\/fr\/discover\/installations\/","og_locale":"fr_FR","og_type":"article","og_title":"INSTALLATIONS - Winfield Racing School","og_description":"Profitez de nos installations situ\u00e9es le long de la ligne droite du Mistral du Circuit Paul Ricard pour des \u00e9v\u00e9nements, des essais priv\u00e9s...","og_url":"https:\/\/winfieldracingschool.com\/fr\/discover\/installations\/","og_site_name":"Winfield","article_modified_time":"2025-10-07T13:25:43+00:00","og_image":[{"width":2560,"height":1535,"url":"https:\/\/winfieldracingschool.com\/wp-content\/uploads\/2025\/10\/FACILITIES_Header-1-1-scaled.jpg","type":"image\/jpeg"}],"twitter_card":"summary_large_image","twitter_misc":{"Dur\u00e9e de lecture estim\u00e9e":"1 minute"},"schema":{"@context":"https:\/\/schema.org","@graph":[{"@type":"WebPage","@id":"https:\/\/winfieldracingschool.com\/fr\/discover\/installations\/","url":"https:\/\/winfieldracingschool.com\/fr\/discover\/installations\/","name":"INSTALLATIONS - Winfield Racing School","isPartOf":{"@id":"https:\/\/winfieldracingschool.com\/fr\/#website"},"primaryImageOfPage":{"@id":"https:\/\/winfieldracingschool.com\/fr\/discover\/installations\/#primaryimage"},"image":{"@id":"https:\/\/winfieldracingschool.com\/fr\/discover\/installations\/#primaryimage"},"thumbnailUrl":"https:\/\/winfieldracingschool.com\/wp-content\/uploads\/2025\/10\/FACILITIES_Header-1-1-scaled.jpg","datePublished":"2023-07-07T14:01:57+00:00","dateModified":"2025-10-07T13:25:43+00:00","description":"Profitez de nos installations situ\u00e9es le long de la ligne droite du Mistral du Circuit Paul Ricard pour des \u00e9v\u00e9nements, des essais priv\u00e9s...","breadcrumb":{"@id":"https:\/\/winfieldracingschool.com\/fr\/discover\/installations\/#breadcrumb"},"inLanguage":"fr-FR","potentialAction":[{"@type":"ReadAction","target":["https:\/\/winfieldracingschool.com\/fr\/discover\/installations\/"]}]},{"@type":"ImageObject","inLanguage":"fr-FR","@id":"https:\/\/winfieldracingschool.com\/fr\/discover\/installations\/#primaryimage","url":"https:\/\/winfieldracingschool.com\/wp-content\/uploads\/2025\/10\/FACILITIES_Header-1-1-scaled.jpg","contentUrl":"https:\/\/winfieldracingschool.com\/wp-content\/uploads\/2025\/10\/FACILITIES_Header-1-1-scaled.jpg","width":2560,"height":1535},{"@type":"BreadcrumbList","@id":"https:\/\/winfieldracingschool.com\/fr\/discover\/installations\/#breadcrumb","itemListElement":[{"@type":"ListItem","position":1,"name":"Home","item":"https:\/\/winfieldracingschool.com\/fr\/"},{"@type":"ListItem","position":2,"name":"D\u00e9couvrir Winfield","item":"https:\/\/winfieldracingschool.com\/fr\/discover\/"},{"@type":"ListItem","position":3,"name":"INSTALLATIONS"}]},{"@type":"WebSite","@id":"https:\/\/winfieldracingschool.com\/fr\/#website","url":"https:\/\/winfieldracingschool.com\/fr\/","name":"Winfield","description":"Circuit automobile &amp; \u00c9cole de pilotage","publisher":{"@id":"https:\/\/winfieldracingschool.com\/fr\/#organization"},"potentialAction":[{"@type":"SearchAction","target":{"@type":"EntryPoint","urlTemplate":"https:\/\/winfieldracingschool.com\/fr\/?s={search_term_string}"},"query-input":{"@type":"PropertyValueSpecification","valueRequired":true,"valueName":"search_term_string"}}],"inLanguage":"fr-FR"},{"@type":"Organization","@id":"https:\/\/winfieldracingschool.com\/fr\/#organization","name":"Winfield","url":"https:\/\/winfieldracingschool.com\/fr\/","logo":{"@type":"ImageObject","inLanguage":"fr-FR","@id":"https:\/\/winfieldracingschool.com\/fr\/#\/schema\/logo\/image\/","url":"https:\/\/winfieldracingschool.com\/wp-content\/uploads\/2023\/03\/Groupe-452.png","contentUrl":"https:\/\/winfieldracingschool.com\/wp-content\/uploads\/2023\/03\/Groupe-452.png","width":186,"height":72,"caption":"Winfield"},"image":{"@id":"https:\/\/winfieldracingschool.com\/fr\/#\/schema\/logo\/image\/"}}]}},"_links":{"self":[{"href":"https:\/\/winfieldracingschool.com\/fr\/wp-json\/wp\/v2\/pages\/6086","targetHints":{"allow":["GET"]}}],"collection":[{"href":"https:\/\/winfieldracingschool.com\/fr\/wp-json\/wp\/v2\/pages"}],"about":[{"href":"https:\/\/winfieldracingschool.com\/fr\/wp-json\/wp\/v2\/types\/page"}],"author":[{"embeddable":true,"href":"https:\/\/winfieldracingschool.com\/fr\/wp-json\/wp\/v2\/users\/7"}],"replies":[{"embeddable":true,"href":"https:\/\/winfieldracingschool.com\/fr\/wp-json\/wp\/v2\/comments?post=6086"}],"version-history":[{"count":5,"href":"https:\/\/winfieldracingschool.com\/fr\/wp-json\/wp\/v2\/pages\/6086\/revisions"}],"predecessor-version":[{"id":10728,"href":"https:\/\/winfieldracingschool.com\/fr\/wp-json\/wp\/v2\/pages\/6086\/revisions\/10728"}],"up":[{"embeddable":true,"href":"https:\/\/winfieldracingschool.com\/fr\/wp-json\/wp\/v2\/pages\/197"}],"wp:featuredmedia":[{"embeddable":true,"href":"https:\/\/winfieldracingschool.com\/fr\/wp-json\/wp\/v2\/media\/10718"}],"wp:attachment":[{"href":"https:\/\/winfieldracingschool.com\/fr\/wp-json\/wp\/v2\/media?parent=6086"}],"curies":[{"name":"wp","href":"https:\/\/api.w.org\/{rel}","templated":true}]}}